{"id":100,"date":"2013-08-06T20:13:19","date_gmt":"2013-08-06T20:13:19","guid":{"rendered":"http:\/\/localhost:8888\/test\/?page_id=17"},"modified":"2024-04-18T16:43:11","modified_gmt":"2024-04-18T16:43:11","slug":"classic-shop-2","status":"publish","type":"page","link":"https:\/\/eddereklam.com\/","title":{"rendered":"Classic Shop"},"content":{"rendered":"\n\n  <div class=\"banner has-hover\" id=\"banner-449452752\">\n          <div class=\"banner-inner fill\">\n        <div class=\"banner-bg fill\" >\n            <div class=\"bg fill bg-fill \"><\/div>\n                        <div class=\"overlay\"><\/div>            \n                    <\/div>\n\t\t\t<div class=\"ux-shape-divider ux-shape-divider--top ux-shape-divider--style-arrow\">\n\t\t<svg viewBox=\"0 0 1000 100\" xmlns=\"http:\/\/www.w3.org\/2000\/svg\" preserveAspectRatio=\"none\">\n\t<path class=\"ux-shape-fill\" d=\"M1000 100H0L0 96H483L500 79L517 96H1000V100Z\"\/>\n<\/svg>\n\t<\/div>\n\n        <div class=\"banner-layers container\">\n            <div class=\"fill banner-link\"><\/div>            \n\n   <div id=\"text-box-1063640055\" class=\"text-box banner-layer x50 md-x50 lg-x50 y50 md-y50 lg-y50 res-text\">\n                     <div data-animate=\"flipInY\">           <div class=\"text-box-content text dark\">\n              \n              <div class=\"text-inner text-center\">\n                  \n\n<h3 class=\"thin-font\">Sedan\u00a0 \u00e5r 1998<\/h3>\n\n<div class=\"is-divider divider clearfix\" style=\"margin-top:3px;margin-bottom:3px;\"><\/div>\n\n<h1 class=\"h-large uppercase\"><span style=\"font-size: 160%;\">EDDE REKLAM<\/span><\/h1>\n\t<div id=\"text-750590181\" class=\"text\">\n\t\t\n\n<p class=\"lead\"><span style=\"font-size: 120%;\">Edde Reklam i Malm\u00f6 erbjuder er kompetens inom ett brett omr\u00e5de, exempelvis arbetskl\u00e4der, profilkl\u00e4der, presentreklam, m\u00e5nga olika reklamartiklar och kan naturligtvis hj\u00e4lpa er med bland annat tryck och brodyr f\u00f6r att profilera er<\/span><\/p>\n\t\t\n<style>\n#text-750590181 {\n  font-size: 0.75rem;\n  text-align: center;\n}\n<\/style>\n\t<\/div>\n\t\n<div class=\"is-divider divider clearfix\" ><\/div>\n\n\n              <\/div>\n           <\/div>\n       <\/div>                     \n<style>\n#text-box-1063640055 {\n  width: 100%;\n}\n#text-box-1063640055 .text-box-content {\n  font-size: 100%;\n}\n@media (min-width:550px) {\n  #text-box-1063640055 {\n    width: 76%;\n  }\n}\n<\/style>\n    <\/div>\n \n\n        <\/div>\n      <\/div>\n\n            \n<style>\n#banner-449452752 {\n  padding-top: 800px;\n}\n#banner-449452752 .bg.bg-loaded {\n  background-image: url(https:\/\/eddereklam.com\/wp-content\/uploads\/2024\/03\/Promotional-Products-1400x775.jpg);\n}\n#banner-449452752 .overlay {\n  background-color: rgba(0, 0, 0, 0.02);\n}\n#banner-449452752 .bg {\n  background-position: 54% 16%;\n}\n#banner-449452752 .ux-shape-divider--top svg {\n  height: 150px;\n  --divider-top-width: 100%;\n}\n<\/style>\n  <\/div>\n\n\n\t<section class=\"section\" id=\"section_433030408\">\n\t\t<div class=\"bg section-bg fill bg-fill  bg-loaded\" >\n\n\t\t\t\n\t\t\t\n\t\t\t\n\n\t\t<\/div>\n\n\t\t\n\n\t\t<div class=\"section-content relative\">\n\t\t\t\n\n\t<div id=\"gap-1560451914\" class=\"gap-element clearfix\" style=\"display:block; height:auto;\">\n\t\t\n<style>\n#gap-1560451914 {\n  padding-top: 30px;\n}\n<\/style>\n\t<\/div>\n\t\n\n<div class=\"row\"  id=\"row-625986396\">\n\n\n\t<div id=\"col-1114305499\" class=\"col medium-6 small-12 large-6\"  >\n\t\t\t\t<div class=\"col-inner\"  >\n\t\t\t\n\t\t\t\n\n\t<div id=\"text-4223670964\" class=\"text\">\n\t\t\n\n<p>Hitta arbetsutrustning som passar perfekt till dig och din arbetsdag. ARBETSKL\u00c4DER &amp; SKOR<\/p>\n\t\t\n<style>\n#text-4223670964 {\n  font-size: 2.25rem;\n}\n<\/style>\n\t<\/div>\n\t\n\n\t\t<\/div>\n\t\t\t\t\t<\/div>\n\n\t\n\n\t<div id=\"col-1925615534\" class=\"col medium-6 small-12 large-6\"  >\n\t\t\t\t<div class=\"col-inner\"  >\n\t\t\t\n\t\t\t\n\n\t<div id=\"text-1046103067\" class=\"text\">\n\t\t\n\n<p>Med \u00f6ver 20 \u00e5rs erfarenhet och eget tryckeri i Malm\u00f6 s\u00e5 hj\u00e4lper vi dig att v\u00e4lja r\u00e4tt bland sveriges bredaste sortiment samt snabba leveranser och garanterat l\u00e4gsta pris.<\/p>\n<p>Vi erbjuder arbetskl\u00e4der med eller utan tryck.<br \/>Vi s\u00e4ljer arbetskl\u00e4der och skyddsskor fr\u00e5n Danska MASCOT. MASCOT producerar ett brett urval av arbetskl\u00e4der och skyddsskor av h\u00f6g kvalitet. F\u00e5 mer information om arbetskl\u00e4der, skyddsskor, tillbeh\u00f6r och tj\u00e4nster liksom smarta best\u00e4llningsm\u00f6jligheter. Tveka inte att ringa eller skriva till oss, om det \u00e4r n\u00e5got du g\u00e4rna vill utveckla.<\/p>\n\n\t\t\n<style>\n#text-1046103067 {\n  font-size: 1.3rem;\n}\n<\/style>\n\t<\/div>\n\t\n\n\t\t<\/div>\n\t\t\t\t\t<\/div>\n\n\t\n\n<\/div>\n\n\t\t<\/div>\n\n\t\t\n<style>\n#section_433030408 {\n  padding-top: 0px;\n  padding-bottom: 0px;\n  min-height: 300px;\n}\n<\/style>\n\t<\/section>\n\t\n\t<section class=\"section dark has-parallax\" id=\"section_737962712\">\n\t\t<div class=\"bg section-bg fill bg-fill  \" data-parallax-container=\".section\" data-parallax-background data-parallax=\"-8\">\n\n\t\t\t\n\t\t\t\n\t\t\t\n\n\t\t<\/div>\n\n\t\t\n\n\t\t<div class=\"section-content relative\">\n\t\t\t\n\n<div class=\"row\"  id=\"row-815776386\">\n\n\n\t<div id=\"col-791304005\" class=\"col small-12 large-12\"  >\n\t\t\t\t<div class=\"col-inner text-center\"  >\n\t\t\t\n\t\t\t\n\n\t<div id=\"text-3626905478\" class=\"text\">\n\t\t\n\n<p>PROFIL- OCH REKLAMPRODUKTER<br \/>TILL DITT F\u00d6RETAG ELLER F\u00d6RENING<\/p>\n\t\t\n<style>\n#text-3626905478 {\n  font-size: 2rem;\n  text-align: center;\n}\n@media (min-width:550px) {\n  #text-3626905478 {\n    font-size: 3.1rem;\n  }\n}\n<\/style>\n\t<\/div>\n\t\n\n\t\t<\/div>\n\t\t\t\t\t<\/div>\n\n\t\n\n<\/div>\n\n\t\t<\/div>\n\n\t\t\n<style>\n#section_737962712 {\n  padding-top: 0px;\n  padding-bottom: 0px;\n  min-height: 700px;\n}\n#section_737962712 .section-bg.bg-loaded {\n  background-image: url(https:\/\/eddereklam.com\/wp-content\/uploads\/2024\/03\/home-marie-williams.jpg);\n}\n<\/style>\n\t<\/section>\n\t\n\t<section class=\"section\" id=\"section_223845322\">\n\t\t<div class=\"bg section-bg fill bg-fill  bg-loaded\" >\n\n\t\t\t\n\t\t\t\n\t\t\t\n\n\t\t<\/div>\n\n\t\t\n\n\t\t<div class=\"section-content relative\">\n\t\t\t\n\n<div class=\"row row-small align-equal row-box-shadow-1 row-box-shadow-2-hover\"  id=\"row-734012904\">\n\n\n\t<div id=\"col-1252892667\" class=\"col medium-6 small-12 large-4\"  >\n\t\t\t\t<div class=\"col-inner\"  >\n\t\t\t\n\t\t\t\n\n\t<div class=\"box has-hover   has-hover box-push box-text-bottom\" >\n\n\t\t<div class=\"box-image\" >\n\t\t\t<a href=\"profilklader\/\" >\t\t\t<div class=\"image-color image-cover\" style=\"padding-top:100%;\">\n\t\t\t\t<img loading=\"lazy\" decoding=\"async\" width=\"1800\" height=\"1000\" src=\"https:\/\/eddereklam.com\/wp-content\/uploads\/2024\/03\/profilklader.jpg\" class=\"attachment-original size-original\" alt=\"\" srcset=\"https:\/\/eddereklam.com\/wp-content\/uploads\/2024\/03\/profilklader.jpg 1800w, https:\/\/eddereklam.com\/wp-content\/uploads\/2024\/03\/profilklader-600x333.jpg 600w, https:\/\/eddereklam.com\/wp-content\/uploads\/2024\/03\/profilklader-720x400.jpg 720w, https:\/\/eddereklam.com\/wp-content\/uploads\/2024\/03\/profilklader-1400x778.jpg 1400w, https:\/\/eddereklam.com\/wp-content\/uploads\/2024\/03\/profilklader-768x427.jpg 768w, https:\/\/eddereklam.com\/wp-content\/uploads\/2024\/03\/profilklader-1536x853.jpg 1536w\" sizes=\"auto, (max-width: 1800px) 100vw, 1800px\" \/>\t\t\t\t\t\t\t\t\t\t\t<\/div>\n\t\t\t<\/a>\t\t<\/div>\n\n\t\t<div class=\"box-text text-center\" >\n\t\t\t<div class=\"box-text-inner\">\n\t\t\t\t\n\n<h2>PROFILKL\u00c4DER<\/h2>\n<p>Hos oss hittar du ett av Sveriges bredaste sortiment av profilkl\u00e4der.<\/p>\n\n\t\t\t<\/div>\n\t\t<\/div>\n\t<\/div>\n\t\n\n\t\t<\/div>\n\t\t\t\t\t<\/div>\n\n\t\n\n\t<div id=\"col-1319758983\" class=\"col medium-6 small-12 large-4\"  >\n\t\t\t\t<div class=\"col-inner\"  >\n\t\t\t\n\t\t\t\n\n\t<div class=\"box has-hover   has-hover box-push box-text-bottom\" >\n\n\t\t<div class=\"box-image\" >\n\t\t\t<a href=\"profilprodukter\" >\t\t\t<div class=\"image-color image-cover\" style=\"padding-top:100%;\">\n\t\t\t\t<img loading=\"lazy\" decoding=\"async\" width=\"718\" height=\"921\" src=\"https:\/\/eddereklam.com\/wp-content\/uploads\/2024\/03\/Skarmavbild-2024-03-31-kl.-14.33.47.png\" class=\"attachment- size-\" alt=\"\" srcset=\"https:\/\/eddereklam.com\/wp-content\/uploads\/2024\/03\/Skarmavbild-2024-03-31-kl.-14.33.47.png 718w, https:\/\/eddereklam.com\/wp-content\/uploads\/2024\/03\/Skarmavbild-2024-03-31-kl.-14.33.47-600x770.png 600w, https:\/\/eddereklam.com\/wp-content\/uploads\/2024\/03\/Skarmavbild-2024-03-31-kl.-14.33.47-312x400.png 312w, https:\/\/eddereklam.com\/wp-content\/uploads\/2024\/03\/Skarmavbild-2024-03-31-kl.-14.33.47-624x800.png 624w\" sizes=\"auto, (max-width: 718px) 100vw, 718px\" \/>\t\t\t\t\t\t\t\t\t\t\t<\/div>\n\t\t\t<\/a>\t\t<\/div>\n\n\t\t<div class=\"box-text text-center\" >\n\t\t\t<div class=\"box-text-inner\">\n\t\t\t\t\n\n<h2>PROFILPRODUKTER<\/h2>\n<p>D&amp;J BRANDED IN SWEDEN &#8211;\u00a0<br \/>Tryck, brodyr &#038; gravyr<\/p>\n\n\t\t\t<\/div>\n\t\t<\/div>\n\t<\/div>\n\t\n\n\t\t<\/div>\n\t\t\t\t\t<\/div>\n\n\t\n\n\t<div id=\"col-1341561849\" class=\"col medium-6 small-12 large-4\"  >\n\t\t\t\t<div class=\"col-inner\"  >\n\t\t\t\n\t\t\t\n\n\t<div class=\"box has-hover   has-hover box-push box-text-bottom\" >\n\n\t\t<div class=\"box-image\" >\n\t\t\t<a href=\"gavor-och-gavokort\/\" >\t\t\t<div class=\"image-color image-cover\" style=\"padding-top:100%;\">\n\t\t\t\t<img loading=\"lazy\" decoding=\"async\" width=\"1707\" height=\"2560\" src=\"https:\/\/eddereklam.com\/wp-content\/uploads\/2024\/03\/528019-im1-1-scaled.jpg\" class=\"attachment-original size-original\" alt=\"\" srcset=\"https:\/\/eddereklam.com\/wp-content\/uploads\/2024\/03\/528019-im1-1-scaled.jpg 1707w, https:\/\/eddereklam.com\/wp-content\/uploads\/2024\/03\/528019-im1-1-scaled-600x900.jpg 600w, https:\/\/eddereklam.com\/wp-content\/uploads\/2024\/03\/528019-im1-1-267x400.jpg 267w, https:\/\/eddereklam.com\/wp-content\/uploads\/2024\/03\/528019-im1-1-533x800.jpg 533w, https:\/\/eddereklam.com\/wp-content\/uploads\/2024\/03\/528019-im1-1-768x1152.jpg 768w, https:\/\/eddereklam.com\/wp-content\/uploads\/2024\/03\/528019-im1-1-1024x1536.jpg 1024w, https:\/\/eddereklam.com\/wp-content\/uploads\/2024\/03\/528019-im1-1-1365x2048.jpg 1365w\" sizes=\"auto, (max-width: 1707px) 100vw, 1707px\" \/>\t\t\t\t\t\t\t\t\t\t\t<\/div>\n\t\t\t<\/a>\t\t<\/div>\n\n\t\t<div class=\"box-text text-center\" >\n\t\t\t<div class=\"box-text-inner\">\n\t\t\t\t\n\n<h2>F\u00d6RETAGSGOVOR<\/h2>\n<p>Stor blandning av utvalda presenter, g\u00e5vor och g\u00e5vokort till anst\u00e4llda.<\/p>\n\n\t\t\t<\/div>\n\t\t<\/div>\n\t<\/div>\n\t\n\n\t\t<\/div>\n\t\t\t\t\t<\/div>\n\n\t\n\n\t<div id=\"col-1123049448\" class=\"col medium-6 small-12 large-4\"  >\n\t\t\t\t<div class=\"col-inner\"  >\n\t\t\t\n\t\t\t\n\n\t<div class=\"box has-hover   has-hover box-push box-text-bottom\" >\n\n\t\t<div class=\"box-image\" >\n\t\t\t<a href=\"sport-fritid-2\/\" >\t\t\t<div class=\"image-color image-cover\" style=\"padding-top:100%;\">\n\t\t\t\t<img loading=\"lazy\" decoding=\"async\" width=\"800\" height=\"800\" src=\"https:\/\/eddereklam.com\/wp-content\/uploads\/2024\/03\/spedesign-2.jpg\" class=\"attachment-large size-large\" alt=\"\" srcset=\"https:\/\/eddereklam.com\/wp-content\/uploads\/2024\/03\/spedesign-2.jpg 800w, https:\/\/eddereklam.com\/wp-content\/uploads\/2024\/03\/spedesign-2-300x300.jpg 300w, https:\/\/eddereklam.com\/wp-content\/uploads\/2024\/03\/spedesign-2-100x100.jpg 100w, https:\/\/eddereklam.com\/wp-content\/uploads\/2024\/03\/spedesign-2-600x600.jpg 600w, https:\/\/eddereklam.com\/wp-content\/uploads\/2024\/03\/spedesign-2-400x400.jpg 400w, https:\/\/eddereklam.com\/wp-content\/uploads\/2024\/03\/spedesign-2-280x280.jpg 280w, https:\/\/eddereklam.com\/wp-content\/uploads\/2024\/03\/spedesign-2-768x768.jpg 768w\" sizes=\"auto, (max-width: 800px) 100vw, 800px\" \/>\t\t\t\t\t\t\t\t\t\t\t<\/div>\n\t\t\t<\/a>\t\t<\/div>\n\n\t\t<div class=\"box-text text-center\" >\n\t\t\t<div class=\"box-text-inner\">\n\t\t\t\t\n\n<h2>SPORT &amp; FRITID<\/h2>\n<p>P\u00e5 EDDE REKLAM har vi det mesta och det senaste inom sport och funktionskl\u00e4der som passar f\u00f6r en aktiv fritid.<\/p>\n\n\t\t\t<\/div>\n\t\t<\/div>\n\t<\/div>\n\t\n\n\t\t<\/div>\n\t\t\t\t\t<\/div>\n\n\t\n\n\t<div id=\"col-434689070\" class=\"col medium-6 small-12 large-4\"  >\n\t\t\t\t<div class=\"col-inner\"  >\n\t\t\t\n\t\t\t\n\n\t<div class=\"box has-hover   has-hover box-push box-text-bottom\" >\n\n\t\t<div class=\"box-image\" >\n\t\t\t<a href=\"expo\/\" target=\"_blank\" rel=\"noopener\" >\t\t\t<div class=\"image-color image-cover\" style=\"padding-top:100%;\">\n\t\t\t\t<img loading=\"lazy\" decoding=\"async\" width=\"676\" height=\"675\" src=\"https:\/\/eddereklam.com\/wp-content\/uploads\/2024\/03\/2b387485644449064e02146849f318c4.jpg\" class=\"attachment- size-\" alt=\"\" srcset=\"https:\/\/eddereklam.com\/wp-content\/uploads\/2024\/03\/2b387485644449064e02146849f318c4.jpg 676w, https:\/\/eddereklam.com\/wp-content\/uploads\/2024\/03\/2b387485644449064e02146849f318c4-300x300.jpg 300w, https:\/\/eddereklam.com\/wp-content\/uploads\/2024\/03\/2b387485644449064e02146849f318c4-100x100.jpg 100w, https:\/\/eddereklam.com\/wp-content\/uploads\/2024\/03\/2b387485644449064e02146849f318c4-600x599.jpg 600w, https:\/\/eddereklam.com\/wp-content\/uploads\/2024\/03\/2b387485644449064e02146849f318c4-401x400.jpg 401w, https:\/\/eddereklam.com\/wp-content\/uploads\/2024\/03\/2b387485644449064e02146849f318c4-280x280.jpg 280w\" sizes=\"auto, (max-width: 676px) 100vw, 676px\" \/>\t\t\t\t\t\t\t\t\t\t\t<\/div>\n\t\t\t<\/a>\t\t<\/div>\n\n\t\t<div class=\"box-text text-center\" >\n\t\t\t<div class=\"box-text-inner\">\n\t\t\t\t\n\n<h2>SKYLTAR &amp; DISPLAY<\/h2>\n<p>H\u00e4r hittar du skyltar, dekaler, klisterm\u00e4rken och displayprodukter f\u00f6r alla tillf\u00e4llen<\/p>\n\n\t\t\t<\/div>\n\t\t<\/div>\n\t<\/div>\n\t\n\n\t\t<\/div>\n\t\t\t\t\t<\/div>\n\n\t\n\n\t<div id=\"col-1214650271\" class=\"col medium-6 small-12 large-4\"  >\n\t\t\t\t<div class=\"col-inner\"  >\n\t\t\t\n\t\t\t\n\n\t<div class=\"box has-hover   has-hover box-push box-text-bottom\" >\n\n\t\t<div class=\"box-image\" >\n\t\t\t<a href=\"borgstena\/\" target=\"_blank\" rel=\"noopener\" >\t\t\t<div class=\"image-color image-cover\" style=\"padding-top:100%;\">\n\t\t\t\t<img loading=\"lazy\" decoding=\"async\" width=\"832\" height=\"832\" src=\"https:\/\/eddereklam.com\/wp-content\/uploads\/2024\/03\/yeppos.png\" class=\"attachment- size-\" alt=\"\" srcset=\"https:\/\/eddereklam.com\/wp-content\/uploads\/2024\/03\/yeppos.png 832w, https:\/\/eddereklam.com\/wp-content\/uploads\/2024\/03\/yeppos-300x300.png 300w, https:\/\/eddereklam.com\/wp-content\/uploads\/2024\/03\/yeppos-100x100.png 100w, https:\/\/eddereklam.com\/wp-content\/uploads\/2024\/03\/yeppos-600x600.png 600w, https:\/\/eddereklam.com\/wp-content\/uploads\/2024\/03\/yeppos-400x400.png 400w, https:\/\/eddereklam.com\/wp-content\/uploads\/2024\/03\/yeppos-800x800.png 800w, https:\/\/eddereklam.com\/wp-content\/uploads\/2024\/03\/yeppos-280x280.png 280w, https:\/\/eddereklam.com\/wp-content\/uploads\/2024\/03\/yeppos-768x768.png 768w\" sizes=\"auto, (max-width: 832px) 100vw, 832px\" \/>\t\t\t\t\t\t\t\t\t\t\t<\/div>\n\t\t\t<\/a>\t\t<\/div>\n\n\t\t<div class=\"box-text text-center\" >\n\t\t\t<div class=\"box-text-inner\">\n\t\t\t\t\n\n<h2>REKLAMGODIS<\/h2>\n<p>V\u00e5ra stors\u00e4ljare &#8211; favoriter till m\u00e4ssan. <br \/>Smartare, snabbare och s\u00e4krare att handla av oss.<\/p>\n\n\t\t\t<\/div>\n\t\t<\/div>\n\t<\/div>\n\t\n\n\t\t<\/div>\n\t\t\t\t\t<\/div>\n\n\t\n\n<\/div>\n\n\t\t<\/div>\n\n\t\t\n<style>\n#section_223845322 {\n  padding-top: 30px;\n  padding-bottom: 30px;\n}\n<\/style>\n\t<\/section>\n\t\n\t<section class=\"section dark has-parallax\" id=\"section_1351685311\">\n\t\t<div class=\"bg section-bg fill bg-fill  \" data-parallax-container=\".section\" data-parallax-background data-parallax=\"-8\">\n\n\t\t\t\n\t\t\t<div class=\"section-bg-overlay absolute fill\"><\/div>\n\t\t\t\n\n\t\t<\/div>\n\n\t\t\n\n\t\t<div class=\"section-content relative\">\n\t\t\t\n\n<div class=\"row\"  id=\"row-840389847\">\n\n\n\t<div id=\"col-676352169\" class=\"col small-12 large-12\"  >\n\t\t\t\t<div class=\"col-inner text-center\"  >\n\t\t\t\n\t\t\t\n\n\t<div id=\"text-1428674032\" class=\"text\">\n\t\t\n\n<p>SHOP ONLINE<br \/>H\u00e4r kan du best\u00e4lla mest s\u00e4ljande trycksaker, som visitkort, brevpapper, vykort, affischer, banderoller, beachflaggor m.m.<\/p>\n\t\t\n<style>\n#text-1428674032 {\n  font-size: 2rem;\n  text-align: center;\n}\n@media (min-width:550px) {\n  #text-1428674032 {\n    font-size: 3.1rem;\n  }\n}\n<\/style>\n\t<\/div>\n\t\n<a href=\"https:\/\/eddereklam.spgwl.com\/\" target=\"_blank\" class=\"button white is-outline is-large\" rel=\"noopener\"  >\n    <span>B\u00c4ST\u00c4LL H\u00c4R<\/span>\n  <i class=\"icon-shopping-basket\" aria-hidden=\"true\" ><\/i><\/a>\n\n\n\n\t\t<\/div>\n\t\t\t\t\t<\/div>\n\n\t\n\n<\/div>\n\n\t\t<\/div>\n\n\t\t\n<style>\n#section_1351685311 {\n  padding-top: 0px;\n  padding-bottom: 0px;\n  min-height: 700px;\n}\n#section_1351685311 .section-bg-overlay {\n  background-color: rgba(0, 0, 0, 0.5);\n}\n#section_1351685311 .section-bg.bg-loaded {\n  background-image: url(https:\/\/eddereklam.com\/wp-content\/uploads\/2024\/03\/trycksaker-1.jpg);\n}\n<\/style>\n\t<\/section>\n\t\n<div class=\"row\"  id=\"row-486694794\">\n\n\n\t<div id=\"col-2133053948\" class=\"col medium-4 small-12 large-4\"  >\n\t\t\t\t<div class=\"col-inner\"  >\n\t\t\t\n\t\t\t\n\n<div class=\"container section-title-container\" ><h3 class=\"section-title section-title-normal\"><b><\/b><span class=\"section-title-main\" >TJ\u00c4NSTER<\/span><b><\/b><\/h3><\/div>\n\n\t<div id=\"text-872292644\" class=\"text\">\n\t\t\n\n<p>Bildekoration<br \/>Foliedekoration<br \/>Skyltmontering<br \/>Originalproduktion<br \/>Webproduktion<br \/><br \/><br \/><br \/><\/p>\n\t\t\n<style>\n#text-872292644 {\n  font-size: 1.4rem;\n  text-align: left;\n}\n<\/style>\n\t<\/div>\n\t\n\n\t\t<\/div>\n\t\t\t\t\t<\/div>\n\n\t\n\n\t<div id=\"col-1317152048\" class=\"col medium-4 small-12 large-4\"  >\n\t\t\t\t<div class=\"col-inner\"  >\n\t\t\t\n\t\t\t\n\n<div class=\"container section-title-container\" ><h3 class=\"section-title section-title-normal\"><b><\/b><span class=\"section-title-main\" >PRODUKTION<\/span><b><\/b><\/h3><\/div>\n\n\t<div id=\"text-3027001912\" class=\"text\">\n\t\t\n\n<p>Skyltar<br \/>F\u00f6nsterdekor<br \/>Dekaler<br \/>Storformat print<br \/>Trycksaker<\/p>\n\t\t\n<style>\n#text-3027001912 {\n  font-size: 1.4rem;\n  text-align: left;\n}\n<\/style>\n\t<\/div>\n\t\n\t<div id=\"text-536893063\" class=\"text\">\n\t\t\n\n\n\t\t\n<style>\n#text-536893063 {\n  text-align: left;\n}\n<\/style>\n\t<\/div>\n\t\n\n\t\t<\/div>\n\t\t\t\t\t<\/div>\n\n\t\n\n\t<div id=\"col-286956374\" class=\"col medium-4 small-12 large-4\"  >\n\t\t\t\t<div class=\"col-inner\"  >\n\t\t\t\n\t\t\t\n\n<div class=\"container section-title-container\" ><h3 class=\"section-title section-title-normal\"><b><\/b><span class=\"section-title-main\" >PROFILERING<\/span><b><\/b><\/h3><\/div>\n\n\t<div id=\"text-1006692380\" class=\"text\">\n\t\t\n\n<p>Profilkl\u00e4der<br \/>Arbetskl\u00e4der<br \/>Profilprodukter<br \/>Reklamartiklar<br \/>G\u00e5vor &#8211; G\u00e5vokort<\/p>\n\t\t\n<style>\n#text-1006692380 {\n  font-size: 1.4rem;\n  text-align: left;\n}\n<\/style>\n\t<\/div>\n\t\n\n\t\t<\/div>\n\t\t\t\t\t<\/div>\n\n\t\n\n<\/div>\n\t<section class=\"section\" id=\"section_369121611\">\n\t\t<div class=\"bg section-bg fill bg-fill  bg-loaded\" >\n\n\t\t\t\n\t\t\t\n\t\t\t\n\n\t\t<\/div>\n\n\t\t\n\n\t\t<div class=\"section-content relative\">\n\t\t\t\n\n<div class=\"container section-title-container\" ><h4 class=\"section-title section-title-center\"><b><\/b><span class=\"section-title-main\" >Varf\u00f6r k\u00f6ppa av oss?<\/span><b><\/b><\/h4><\/div>\n\n\t<div id=\"text-1082283312\" class=\"text\">\n\t\t\n\n<p>Eget tryckeri i Malm\u00f6 med supersnabba leveranser. <br \/>V\u00e5r 20 \u00e5rs kunskap hj\u00e4lper dig att v\u00e4lja r\u00e4tt.Sveriges bredaste sortiment.<br \/>Garanterat l\u00e4gsta pris!<\/p>\n\t\t\n<style>\n#text-1082283312 {\n  font-size: 1.3rem;\n  line-height: 1.45;\n  text-align: center;\n}\n<\/style>\n\t<\/div>\n\t\n<div class=\"row\"  id=\"row-1801954657\">\n\n\n\t<div id=\"col-972875112\" class=\"col medium-4 small-12 large-4\"  >\n\t\t\t\t<div class=\"col-inner\"  >\n\t\t\t\n\t\t\t\n\n\t<div class=\"box has-hover   has-hover box-text-bottom\" >\n\n\t\t<div class=\"box-image\" >\n\t\t\t\t\t\t<div class=\"\" >\n\t\t\t\t<img loading=\"lazy\" decoding=\"async\" width=\"640\" height=\"480\" src=\"https:\/\/eddereklam.com\/wp-content\/uploads\/2024\/03\/FullSizeRender-3-1.jpg\" class=\"attachment- size-\" alt=\"\" srcset=\"https:\/\/eddereklam.com\/wp-content\/uploads\/2024\/03\/FullSizeRender-3-1.jpg 640w, https:\/\/eddereklam.com\/wp-content\/uploads\/2024\/03\/FullSizeRender-3-1-600x450.jpg 600w, https:\/\/eddereklam.com\/wp-content\/uploads\/2024\/03\/FullSizeRender-3-1-533x400.jpg 533w\" sizes=\"auto, (max-width: 640px) 100vw, 640px\" \/>\t\t\t\t\t\t\t\t\t\t\t<\/div>\n\t\t\t\t\t<\/div>\n\n\t\t<div class=\"box-text text-center\" >\n\t\t\t<div class=\"box-text-inner\">\n\t\t\t\t\n\n<h4>Ring till oss<\/h4>\n<p>040- 224 924<\/p>\n\n\t\t\t<\/div>\n\t\t<\/div>\n\t<\/div>\n\t\n\n\t\t<\/div>\n\t\t\t\t\t<\/div>\n\n\t\n\n\t<div id=\"col-934456558\" class=\"col medium-4 small-12 large-4\"  >\n\t\t\t\t<div class=\"col-inner\"  >\n\t\t\t\n\t\t\t\n\n\t<div class=\"box has-hover   has-hover box-text-bottom\" >\n\n\t\t<div class=\"box-image\" >\n\t\t\t\t\t\t<div class=\"\" >\n\t\t\t\t<img loading=\"lazy\" decoding=\"async\" width=\"640\" height=\"480\" src=\"https:\/\/eddereklam.com\/wp-content\/uploads\/2024\/03\/FullSizeRender-2.jpg\" class=\"attachment- size-\" alt=\"\" srcset=\"https:\/\/eddereklam.com\/wp-content\/uploads\/2024\/03\/FullSizeRender-2.jpg 640w, https:\/\/eddereklam.com\/wp-content\/uploads\/2024\/03\/FullSizeRender-2-600x450.jpg 600w, https:\/\/eddereklam.com\/wp-content\/uploads\/2024\/03\/FullSizeRender-2-533x400.jpg 533w\" sizes=\"auto, (max-width: 640px) 100vw, 640px\" \/>\t\t\t\t\t\t\t\t\t\t\t<\/div>\n\t\t\t\t\t<\/div>\n\n\t\t<div class=\"box-text text-center\" >\n\t\t\t<div class=\"box-text-inner\">\n\t\t\t\t\n\n<h4>Maila till oss<\/h4>\n<p><a href=\"mailto:info@wp.eddereklam.comreklam.se\">info@wp.eddereklam.comreklam.se<\/a><\/p>\n\n\t\t\t<\/div>\n\t\t<\/div>\n\t<\/div>\n\t\n\n\t\t<\/div>\n\t\t\t\t\t<\/div>\n\n\t\n\n\t<div id=\"col-1527686365\" class=\"col medium-4 small-12 large-4\"  >\n\t\t\t\t<div class=\"col-inner\"  >\n\t\t\t\n\t\t\t\n\n\t<div class=\"box has-hover   has-hover box-text-bottom\" >\n\n\t\t<div class=\"box-image\" >\n\t\t\t\t\t\t<div class=\"\" >\n\t\t\t\t<img loading=\"lazy\" decoding=\"async\" width=\"640\" height=\"480\" src=\"https:\/\/eddereklam.com\/wp-content\/uploads\/2024\/03\/FullSizeRender-1.jpg\" class=\"attachment- size-\" alt=\"\" srcset=\"https:\/\/eddereklam.com\/wp-content\/uploads\/2024\/03\/FullSizeRender-1.jpg 640w, https:\/\/eddereklam.com\/wp-content\/uploads\/2024\/03\/FullSizeRender-1-600x450.jpg 600w, https:\/\/eddereklam.com\/wp-content\/uploads\/2024\/03\/FullSizeRender-1-533x400.jpg 533w\" sizes=\"auto, (max-width: 640px) 100vw, 640px\" \/>\t\t\t\t\t\t\t\t\t\t\t<\/div>\n\t\t\t\t\t<\/div>\n\n\t\t<div class=\"box-text text-center\" >\n\t\t\t<div class=\"box-text-inner\">\n\t\t\t\t\n\n<h4>Bes\u00f6k oss<\/h4>\n<p>Lundav\u00e4gen 76, 212 25 MALM\u00d6<\/p>\n\n\t\t\t<\/div>\n\t\t<\/div>\n\t<\/div>\n\t\n\n\t\t<\/div>\n\t\t\t\t\t<\/div>\n\n\t\n\n<\/div>\n\n\t\t<\/div>\n\n\t\t\n<style>\n#section_369121611 {\n  padding-top: 30px;\n  padding-bottom: 30px;\n}\n<\/style>\n\t<\/section>\n\t\n\n","protected":false},"excerpt":{"rendered":"","protected":false},"author":1,"featured_media":0,"parent":73,"menu_order":1,"comment_status":"closed","ping_status":"closed","template":"page-blank.php","meta":{"footnotes":""},"class_list":["post-100","page","type-page","status-publish","hentry"],"_links":{"self":[{"href":"https:\/\/eddereklam.com\/index.php?rest_route=\/wp\/v2\/pages\/100","targetHints":{"allow":["GET"]}}],"collection":[{"href":"https:\/\/eddereklam.com\/index.php?rest_route=\/wp\/v2\/pages"}],"about":[{"href":"https:\/\/eddereklam.com\/index.php?rest_route=\/wp\/v2\/types\/page"}],"author":[{"embeddable":true,"href":"https:\/\/eddereklam.com\/index.php?rest_route=\/wp\/v2\/users\/1"}],"replies":[{"embeddable":true,"href":"https:\/\/eddereklam.com\/index.php?rest_route=%2Fwp%2Fv2%2Fcomments&post=100"}],"version-history":[{"count":216,"href":"https:\/\/eddereklam.com\/index.php?rest_route=\/wp\/v2\/pages\/100\/revisions"}],"predecessor-version":[{"id":1434,"href":"https:\/\/eddereklam.com\/index.php?rest_route=\/wp\/v2\/pages\/100\/revisions\/1434"}],"up":[{"embeddable":true,"href":"https:\/\/eddereklam.com\/index.php?rest_route=\/wp\/v2\/pages\/73"}],"wp:attachment":[{"href":"https:\/\/eddereklam.com\/index.php?rest_route=%2Fwp%2Fv2%2Fmedia&parent=100"}],"curies":[{"name":"wp","href":"https:\/\/api.w.org\/{rel}","templated":true}]}}